{"id":1313,"date":"2026-02-20T11:41:20","date_gmt":"2026-02-20T11:41:20","guid":{"rendered":"https:\/\/halver.ee\/hanketeade\/"},"modified":"2026-04-02T11:08:24","modified_gmt":"2026-04-02T11:08:24","slug":"call-for-tenders","status":"publish","type":"page","link":"https:\/\/halver.ee\/en\/call-for-tenders\/","title":{"rendered":"Call for tenders"},"content":{"rendered":"\t\t<div data-elementor-type=\"wp-page\" data-elementor-id=\"1313\" class=\"elementor elementor-1313 elementor-1294\">\n\t\t\t\t<div class=\"elementor-element elementor-element-1e3a752 e-flex e-con-boxed e-con e-parent\" data-id=\"1e3a752\" data-element_type=\"container\" data-e-type=\"container\">\n\t\t\t\t\t<div class=\"e-con-inner\">\n\t\t\t\t<div class=\"elementor-element elementor-element-d32b994 elementor-widget elementor-widget-heading\" data-id=\"d32b994\" data-element_type=\"widget\" data-e-type=\"widget\" data-widget_type=\"heading.default\">\n\t\t\t\t<div class=\"elementor-widget-container\">\n\t\t\t\t\t<h2 class=\"elementor-heading-title elementor-size-default\">Call for tenders<\/h2>\t\t\t\t<\/div>\n\t\t\t\t<\/div>\n\t\t\t\t<div class=\"elementor-element elementor-element-0c1d7b0 elementor-widget elementor-widget-text-editor\" data-id=\"0c1d7b0\" data-element_type=\"widget\" data-e-type=\"widget\" data-widget_type=\"text-editor.default\">\n\t\t\t\t<div class=\"elementor-widget-container\">\n\t\t\t\t\t\t\t\t\t<p>In association with increasing the capacity and effectiveness of its production Halver M\u00f6\u00f6bel O\u00dc hereby announces the following tender:<\/p><ul><li>Single-sided Edge Banding Machine (tender offer submitting deadline 16.04.2026 15.00 GMT +3 (Estonian time), installation must be completed in 9 months from signing the contract).<\/li><\/ul><p>For additional information, please register to the tender in the Estonian E-Procurement Register (reference number 308158) https:\/\/riigihanked.riik.ee\/.<\/p><p>The project is applying for support from the Recovery and Resilience Fund (project number 2021-2027.2.04.25-0447).<\/p><p>This is not a public procurement defined by the Public Procurement Act. However, the tender process follows the principles of the Estonian Public Procurement Act \u00a7 3.<\/p>\t\t\t\t\t\t\t\t<\/div>\n\t\t\t\t<\/div>\n\t\t\t\t\t<\/div>\n\t\t\t\t<\/div>\n\t\t\t\t<\/div>\n\t\t","protected":false},"excerpt":{"rendered":"<p>Call for tenders In association with increasing the capacity and effectiveness of its production Halver M\u00f6\u00f6bel O\u00dc hereby announces the following tender: Single-sided Edge Banding Machine (tender offer submitting deadline 16.04.2026 15.00 GMT +3 (Estonian time), installation must be completed in 9 months from signing the contract). For additional information, please register to the tender [&hellip;]<\/p>\n","protected":false},"author":1,"featured_media":0,"parent":0,"menu_order":0,"comment_status":"closed","ping_status":"closed","template":"","meta":{"footnotes":""},"class_list":["post-1313","page","type-page","status-publish","hentry"],"yoast_head":"<!-- This site is optimized with the Yoast SEO plugin v27.4 - https:\/\/yoast.com\/product\/yoast-seo-wordpress\/ -->\n<title>Call for tenders - Halver<\/title>\n<meta name=\"robots\" content=\"index, follow, max-snippet:-1, max-image-preview:large, max-video-preview:-1\" \/>\n<link rel=\"canonical\" href=\"https:\/\/halver.ee\/en\/call-for-tenders\/\" \/>\n<meta property=\"og:locale\" content=\"en_US\" \/>\n<meta property=\"og:type\" content=\"article\" \/>\n<meta property=\"og:title\" content=\"Call for tenders - Halver\" \/>\n<meta property=\"og:description\" content=\"Call for tenders In association with increasing the capacity and effectiveness of its production Halver M\u00f6\u00f6bel O\u00dc hereby announces the following tender: Single-sided Edge Banding Machine (tender offer submitting deadline 16.04.2026 15.00 GMT +3 (Estonian time), installation must be completed in 9 months from signing the contract). For additional information, please register to the tender [&hellip;]\" \/>\n<meta property=\"og:url\" content=\"https:\/\/halver.ee\/en\/call-for-tenders\/\" \/>\n<meta property=\"og:site_name\" content=\"Halver\" \/>\n<meta property=\"article:modified_time\" content=\"2026-04-02T11:08:24+00:00\" \/>\n<meta name=\"twitter:card\" content=\"summary_large_image\" \/>\n<meta name=\"twitter:label1\" content=\"Est. reading time\" \/>\n\t<meta name=\"twitter:data1\" content=\"1 minute\" \/>\n<script type=\"application\/ld+json\" class=\"yoast-schema-graph\">{\"@context\":\"https:\\\/\\\/schema.org\",\"@graph\":[{\"@type\":\"WebPage\",\"@id\":\"https:\\\/\\\/halver.ee\\\/en\\\/call-for-tenders\\\/\",\"url\":\"https:\\\/\\\/halver.ee\\\/en\\\/call-for-tenders\\\/\",\"name\":\"Call for tenders - Halver\",\"isPartOf\":{\"@id\":\"https:\\\/\\\/halver.ee\\\/en\\\/#website\"},\"datePublished\":\"2026-02-20T11:41:20+00:00\",\"dateModified\":\"2026-04-02T11:08:24+00:00\",\"breadcrumb\":{\"@id\":\"https:\\\/\\\/halver.ee\\\/en\\\/call-for-tenders\\\/#breadcrumb\"},\"inLanguage\":\"en-US\",\"potentialAction\":[{\"@type\":\"ReadAction\",\"target\":[\"https:\\\/\\\/halver.ee\\\/en\\\/call-for-tenders\\\/\"]}]},{\"@type\":\"BreadcrumbList\",\"@id\":\"https:\\\/\\\/halver.ee\\\/en\\\/call-for-tenders\\\/#breadcrumb\",\"itemListElement\":[{\"@type\":\"ListItem\",\"position\":1,\"name\":\"Home\",\"item\":\"https:\\\/\\\/halver.ee\\\/en\\\/\"},{\"@type\":\"ListItem\",\"position\":2,\"name\":\"Call for tenders\"}]},{\"@type\":\"WebSite\",\"@id\":\"https:\\\/\\\/halver.ee\\\/en\\\/#website\",\"url\":\"https:\\\/\\\/halver.ee\\\/en\\\/\",\"name\":\"Halver\",\"description\":\"\",\"potentialAction\":[{\"@type\":\"SearchAction\",\"target\":{\"@type\":\"EntryPoint\",\"urlTemplate\":\"https:\\\/\\\/halver.ee\\\/en\\\/?s={search_term_string}\"},\"query-input\":{\"@type\":\"PropertyValueSpecification\",\"valueRequired\":true,\"valueName\":\"search_term_string\"}}],\"inLanguage\":\"en-US\"}]}<\/script>\n<!-- \/ Yoast SEO plugin. -->","yoast_head_json":{"title":"Call for tenders - Halver","robots":{"index":"index","follow":"follow","max-snippet":"max-snippet:-1","max-image-preview":"max-image-preview:large","max-video-preview":"max-video-preview:-1"},"canonical":"https:\/\/halver.ee\/en\/call-for-tenders\/","og_locale":"en_US","og_type":"article","og_title":"Call for tenders - Halver","og_description":"Call for tenders In association with increasing the capacity and effectiveness of its production Halver M\u00f6\u00f6bel O\u00dc hereby announces the following tender: Single-sided Edge Banding Machine (tender offer submitting deadline 16.04.2026 15.00 GMT +3 (Estonian time), installation must be completed in 9 months from signing the contract). For additional information, please register to the tender [&hellip;]","og_url":"https:\/\/halver.ee\/en\/call-for-tenders\/","og_site_name":"Halver","article_modified_time":"2026-04-02T11:08:24+00:00","twitter_card":"summary_large_image","twitter_misc":{"Est. reading time":"1 minute"},"schema":{"@context":"https:\/\/schema.org","@graph":[{"@type":"WebPage","@id":"https:\/\/halver.ee\/en\/call-for-tenders\/","url":"https:\/\/halver.ee\/en\/call-for-tenders\/","name":"Call for tenders - Halver","isPartOf":{"@id":"https:\/\/halver.ee\/en\/#website"},"datePublished":"2026-02-20T11:41:20+00:00","dateModified":"2026-04-02T11:08:24+00:00","breadcrumb":{"@id":"https:\/\/halver.ee\/en\/call-for-tenders\/#breadcrumb"},"inLanguage":"en-US","potentialAction":[{"@type":"ReadAction","target":["https:\/\/halver.ee\/en\/call-for-tenders\/"]}]},{"@type":"BreadcrumbList","@id":"https:\/\/halver.ee\/en\/call-for-tenders\/#breadcrumb","itemListElement":[{"@type":"ListItem","position":1,"name":"Home","item":"https:\/\/halver.ee\/en\/"},{"@type":"ListItem","position":2,"name":"Call for tenders"}]},{"@type":"WebSite","@id":"https:\/\/halver.ee\/en\/#website","url":"https:\/\/halver.ee\/en\/","name":"Halver","description":"","potentialAction":[{"@type":"SearchAction","target":{"@type":"EntryPoint","urlTemplate":"https:\/\/halver.ee\/en\/?s={search_term_string}"},"query-input":{"@type":"PropertyValueSpecification","valueRequired":true,"valueName":"search_term_string"}}],"inLanguage":"en-US"}]}},"_links":{"self":[{"href":"https:\/\/halver.ee\/en\/wp-json\/wp\/v2\/pages\/1313","targetHints":{"allow":["GET"]}}],"collection":[{"href":"https:\/\/halver.ee\/en\/wp-json\/wp\/v2\/pages"}],"about":[{"href":"https:\/\/halver.ee\/en\/wp-json\/wp\/v2\/types\/page"}],"author":[{"embeddable":true,"href":"https:\/\/halver.ee\/en\/wp-json\/wp\/v2\/users\/1"}],"replies":[{"embeddable":true,"href":"https:\/\/halver.ee\/en\/wp-json\/wp\/v2\/comments?post=1313"}],"version-history":[{"count":14,"href":"https:\/\/halver.ee\/en\/wp-json\/wp\/v2\/pages\/1313\/revisions"}],"predecessor-version":[{"id":1333,"href":"https:\/\/halver.ee\/en\/wp-json\/wp\/v2\/pages\/1313\/revisions\/1333"}],"wp:attachment":[{"href":"https:\/\/halver.ee\/en\/wp-json\/wp\/v2\/media?parent=1313"}],"curies":[{"name":"wp","href":"https:\/\/api.w.org\/{rel}","templated":true}]}}